{"id":29457,"date":"2023-01-16T16:04:43","date_gmt":"2023-01-16T15:04:43","guid":{"rendered":"https:\/\/www.narmino.com\/?page_id=29457"},"modified":"2024-07-03T16:15:31","modified_gmt":"2024-07-03T14:15:31","slug":"our-partners","status":"publish","type":"page","link":"https:\/\/www.narmino.com\/en\/our-partners\/","title":{"rendered":"Our Partners"},"content":{"rendered":"<div class=\"wpb-content-wrapper\"><p>[vc_row row_type=&#8221;row&#8221; use_row_as_full_screen_section=&#8221;no&#8221; type=&#8221;full_width&#8221; text_align=&#8221;left&#8221; video=&#8221;&#8221; css_animation=&#8221;&#8221; box_shadow_on_row=&#8221;no&#8221;][vc_column][vc_single_image image=&#8221;3136&#8243; img_size=&#8221;full&#8221; alignment=&#8221;center&#8221; eltd_css_animation=&#8221;&#8221;][vc_separator type=&#8221;transparent&#8221; thickness=&#8221;40&#8243;][vc_column_text]<\/p>\n<p style=\"text-align: center;\">Nous sommes heureux de partager sur cette page les partenaires de la Maison Narmino :<\/p>\n<p>[\/vc_column_text][vc_separator type=&#8221;transparent&#8221; thickness=&#8221;40&#8243;][vc_single_image image=&#8221;29471&#8243; img_size=&#8221;full&#8221; alignment=&#8221;center&#8221; onclick=&#8221;custom_link&#8221; img_link_target=&#8221;_blank&#8221; eltd_css_animation=&#8221;&#8221; link=&#8221;https:\/\/www.eticimmobilier.com\/&#8221;][vc_separator type=&#8221;transparent&#8221; thickness=&#8221;40&#8243;][vc_column_text]<\/p>\n<p style=\"text-align: center;\">Dans le domaine immobilier, nous conseillons vivement les services de l&#8217;agence immobili\u00e8re <a title=\"Coldwell Banker Etic Realty, agence immobili\u00e8re \u00e0 Monaco\" href=\"https:\/\/www.eticimmobilier.com\/\" target=\"_blank\" rel=\"noopener\"><strong>Coldwell Banker Etic Realty<\/strong><\/a> situ\u00e9e au 15 bd Princesse Charlotte \u00e0 Monaco. Install\u00e9e depuis 1982, l&#8217;entreprise a su se cr\u00e9er une r\u00e9putation de s\u00e9rieux et de stabilit\u00e9 reconnue par nombre de ses confr\u00e8res. Depuis quelques ann\u00e9es, le partenariat avec la franchise mondiale Coldwell Banker<b>\u00ae<\/b> lui permet d&#8217;amener une expertise de niveau internationale, tout comme des biens immobiliers \u00e0 la vente situ\u00e9s dans le monde entier et qui s\u00e9duiront les r\u00e9sidents mon\u00e9gasques en recherche de pieds \u00e0 terre partout \u00e0 la surface du globe.<\/p>\n<p>[\/vc_column_text][vc_separator type=&#8221;transparent&#8221; thickness=&#8221;40&#8243;][vc_single_image image=&#8221;3127&#8243; img_size=&#8221;full&#8221; alignment=&#8221;center&#8221; eltd_css_animation=&#8221;&#8221;][vc_separator type=&#8221;transparent&#8221; thickness=&#8221;80&#8243;][\/vc_column][\/vc_row]<\/p>\n<\/div>","protected":false},"excerpt":{"rendered":"<p>[vc_row row_type=&#8221;row&#8221; use_row_as_full_screen_section=&#8221;no&#8221; type=&#8221;full_width&#8221; text_align=&#8221;left&#8221; video=&#8221;&#8221; css_animation=&#8221;&#8221; box_shadow_on_row=&#8221;no&#8221;][vc_column][vc_single_image image=&#8221;3136&#8243; img_size=&#8221;full&#8221; alignment=&#8221;center&#8221; eltd_css_animation=&#8221;&#8221;][vc_separator type=&#8221;transparent&#8221; thickness=&#8221;40&#8243;][vc_column_text] Nous sommes heureux de partager sur cette page les partenaires de la Maison Narmino : [\/vc_column_text][vc_separator type=&#8221;transparent&#8221; thickness=&#8221;40&#8243;][vc_single_image image=&#8221;29471&#8243; img_size=&#8221;full&#8221; alignment=&#8221;center&#8221; onclick=&#8221;custom_link&#8221; img_link_target=&#8221;_blank&#8221; eltd_css_animation=&#8221;&#8221; link=&#8221;https:\/\/www.eticimmobilier.com\/&#8221;][vc_separator type=&#8221;transparent&#8221; thickness=&#8221;40&#8243;][vc_column_text] Dans le domaine immobilier,&#8230;<\/p>\n","protected":false},"author":1,"featured_media":0,"parent":0,"menu_order":0,"comment_status":"closed","ping_status":"closed","template":"","meta":{"footnotes":""},"class_list":["post-29457","page","type-page","status-publish","hentry"],"aioseo_notices":[],"amp_enabled":true,"_links":{"self":[{"href":"https:\/\/www.narmino.com\/en\/wp-json\/wp\/v2\/pages\/29457","targetHints":{"allow":["GET"]}}],"collection":[{"href":"https:\/\/www.narmino.com\/en\/wp-json\/wp\/v2\/pages"}],"about":[{"href":"https:\/\/www.narmino.com\/en\/wp-json\/wp\/v2\/types\/page"}],"author":[{"embeddable":true,"href":"https:\/\/www.narmino.com\/en\/wp-json\/wp\/v2\/users\/1"}],"replies":[{"embeddable":true,"href":"https:\/\/www.narmino.com\/en\/wp-json\/wp\/v2\/comments?post=29457"}],"version-history":[{"count":3,"href":"https:\/\/www.narmino.com\/en\/wp-json\/wp\/v2\/pages\/29457\/revisions"}],"predecessor-version":[{"id":37730,"href":"https:\/\/www.narmino.com\/en\/wp-json\/wp\/v2\/pages\/29457\/revisions\/37730"}],"wp:attachment":[{"href":"https:\/\/www.narmino.com\/en\/wp-json\/wp\/v2\/media?parent=29457"}],"curies":[{"name":"wp","href":"https:\/\/api.w.org\/{rel}","templated":true}]}}