{"id":3282,"date":"2019-06-14T17:20:46","date_gmt":"2019-06-14T15:20:46","guid":{"rendered":"http:\/\/site2019.narmino.com\/about-us\/"},"modified":"2024-07-03T16:35:52","modified_gmt":"2024-07-03T14:35:52","slug":"about-us","status":"publish","type":"page","link":"https:\/\/www.narmino.com\/en\/about-us\/","title":{"rendered":"About Maison Narmino"},"content":{"rendered":"<div class=\"wpb-content-wrapper\"><p>[vc_row row_type=&#8221;row&#8221; use_row_as_full_screen_section=&#8221;no&#8221; type=&#8221;full_width&#8221; text_align=&#8221;left&#8221; video=&#8221;&#8221; css_animation=&#8221;&#8221; box_shadow_on_row=&#8221;no&#8221;][vc_column][vc_column_text]C&#8217;est fort de son si\u00e8cle d&#8217;exp\u00e9rience cumul\u00e9e dans la fleur et la d\u00e9coration, p\u00e9riode durant laquelle elle a particip\u00e9 au rayonnement international de la Principaut\u00e9 de Monaco, que la <strong>Maison Narmino <\/strong>vous propose ses services.<\/p>\n<p>&nbsp;<\/p>\n<p>Aujourd&#8217;hui, nous continuons de mettre cette\u00a0<strong>Histoire<\/strong> au service de nos clients les plus exigeants. L&#8217;entreprise <strong>Narmino <\/strong>vous propose ses prestations personnalis\u00e9es haut de gamme pour tous vos \u00e9v\u00e9nements : mariages, bapt\u00eames, d\u00e9coration de yachts, inaugurations et c\u00e9l\u00e9brations diverses, cr\u00e9ation et entretien de jardins, etc&#8230;<\/p>\n<p>&nbsp;<\/p>\n<p>Si vous avez des questions ou pour plus d&#8217;informations n&#8217;h\u00e9sitez pas \u00e0 nous contacter depuis la page\u00a0<a href=\"https:\/\/www.narminosorasio.com\/en\/contacts\/\">contact<\/a>.[\/vc_column_text][vc_separator type=&#8221;transparent&#8221; thickness=&#8221;10&#8243;]<div class='portfolio_main_holder projects_masonry_holder  gs5  masonry_with_padding'><div class='portfolio_masonry_grid_sizer'><\/div><article class='portfolio_masonry_item portfolio_category_128 portfolio_category_133  default'><div class=\"item_holder gradient_hover\"><div class=\"text_holder\" ><div class=\"text_holder_outer\"><div class=\"text_holder_inner\"><h4 class=\"portfolio_title\" ><a href=\"https:\/\/www.narmino.com\/en\/portfolio_page\/flowers-for-valentines-day\/\" >Valentine&#8217;s Day Flowers<\/a><\/h4><span class=\"project_category\" >Shops \/ Valentine's Day<\/span><div class=\"icons_holder \"><a class=\"portfolio_lightbox\" title=\"Valentine&#8217;s Day Flowers\" href=\"https:\/\/www.narmino.com\/wp-content\/uploads\/2019\/05\/gros-plans-roses-rouges-wpp1638293558581.jpg\" data-rel=\"prettyPhoto[pretty_photo_gallery]\" rel=\"prettyPhoto[pretty_photo_gallery]\"><\/a><a class=\"preview\" title=\"Go to Project\" href=\"https:\/\/www.narmino.com\/en\/portfolio_page\/flowers-for-valentines-day\/\" data-type=\"portfolio_list\" target=\"_self\" ><\/a><\/div><\/div><\/div><\/div><a class=\"portfolio_link_class\" href=\"https:\/\/www.narmino.com\/en\/portfolio_page\/flowers-for-valentines-day\/\" target=_self><\/a><div class=\"portfolio_shader\" ><\/div><div class=\"image_holder\"><span class=\"image\"><img loading=\"lazy\" decoding=\"async\" width=\"550\" height=\"550\" src=\"https:\/\/www.narmino.com\/wp-content\/uploads\/2019\/05\/gros-plans-roses-rouges-wpp1638293558581-550x550.jpg\" class=\"attachment-portfolio-square size-portfolio-square wp-post-image\" alt=\"Close up on the satin aspect of these red roses\" srcset=\"https:\/\/www.narmino.com\/wp-content\/uploads\/2019\/05\/gros-plans-roses-rouges-wpp1638293558581-550x550.jpg 550w, https:\/\/www.narmino.com\/wp-content\/uploads\/2019\/05\/gros-plans-roses-rouges-wpp1638293558581-150x150.jpg 150w\" sizes=\"auto, (max-width: 550px) 100vw, 550px\" \/><\/span><\/div><\/div><\/article><article class='portfolio_masonry_item portfolio_category_129 portfolio_category_128 portfolio_category_133  default'><div class=\"item_holder gradient_hover\"><div class=\"text_holder\" ><div class=\"text_holder_outer\"><div class=\"text_holder_inner\"><h4 class=\"portfolio_title\" ><a href=\"https:\/\/www.narmino.com\/en\/portfolio_page\/a-rendez-vous-a-bouquet-at-the-casino\/\" >An anticipation, a bouquet at the Casino<\/a><\/h4><span class=\"project_category\" >Events \/ Shops \/ Valentine's Day<\/span><div class=\"icons_holder \"><a class=\"portfolio_lightbox\" title=\"An anticipation, a bouquet at the Casino\" href=\"https:\/\/www.narmino.com\/wp-content\/uploads\/2019\/05\/bouquet-fleurs-casino-monaco6-wpp1638294275933.jpg\" data-rel=\"prettyPhoto[pretty_photo_gallery]\" rel=\"prettyPhoto[pretty_photo_gallery]\"><\/a><a class=\"preview\" title=\"Go to Project\" href=\"https:\/\/www.narmino.com\/en\/portfolio_page\/a-rendez-vous-a-bouquet-at-the-casino\/\" data-type=\"portfolio_list\" target=\"_self\" ><\/a><\/div><\/div><\/div><\/div><a class=\"portfolio_link_class\" href=\"https:\/\/www.narmino.com\/en\/portfolio_page\/a-rendez-vous-a-bouquet-at-the-casino\/\" target=_self><\/a><div class=\"portfolio_shader\" ><\/div><div class=\"image_holder\"><span class=\"image\"><img loading=\"lazy\" decoding=\"async\" width=\"550\" height=\"550\" src=\"https:\/\/www.narmino.com\/wp-content\/uploads\/2019\/05\/bouquet-fleurs-casino-monaco6-wpp1638294275933-550x550.jpg\" class=\"attachment-portfolio-square size-portfolio-square wp-post-image\" alt=\"While waiting to be loved ...\" srcset=\"https:\/\/www.narmino.com\/wp-content\/uploads\/2019\/05\/bouquet-fleurs-casino-monaco6-wpp1638294275933-550x550.jpg 550w, https:\/\/www.narmino.com\/wp-content\/uploads\/2019\/05\/bouquet-fleurs-casino-monaco6-wpp1638294275933-150x150.jpg 150w\" sizes=\"auto, (max-width: 550px) 100vw, 550px\" \/><\/span><\/div><\/div><\/article><article class='portfolio_masonry_item portfolio_category_129 portfolio_category_128  default'><div class=\"item_holder gradient_hover\"><div class=\"text_holder\" ><div class=\"text_holder_outer\"><div class=\"text_holder_inner\"><h4 class=\"portfolio_title\" ><a href=\"https:\/\/www.narmino.com\/en\/portfolio_page\/bouquets-offered-at-spring\/\" >Bouquets offered in the Spring<\/a><\/h4><span class=\"project_category\" >Events \/ Shops<\/span><div class=\"icons_holder \"><a class=\"portfolio_lightbox\" title=\"Bouquets offered in the Spring\" href=\"https:\/\/www.narmino.com\/wp-content\/uploads\/2019\/05\/bouquet-clair-jaune-blanc3-wpp1638294352699.jpg\" data-rel=\"prettyPhoto[pretty_photo_gallery]\" rel=\"prettyPhoto[pretty_photo_gallery]\"><\/a><a class=\"preview\" title=\"Go to Project\" href=\"https:\/\/www.narmino.com\/en\/portfolio_page\/bouquets-offered-at-spring\/\" data-type=\"portfolio_list\" target=\"_self\" ><\/a><\/div><\/div><\/div><\/div><a class=\"portfolio_link_class\" href=\"https:\/\/www.narmino.com\/en\/portfolio_page\/bouquets-offered-at-spring\/\" target=_self><\/a><div class=\"portfolio_shader\" ><\/div><div class=\"image_holder\"><span class=\"image\"><img loading=\"lazy\" decoding=\"async\" width=\"550\" height=\"550\" src=\"https:\/\/www.narmino.com\/wp-content\/uploads\/2019\/05\/bouquet-clair-jaune-blanc3-wpp1638294352699-550x550.jpg\" class=\"attachment-portfolio-square size-portfolio-square wp-post-image\" alt=\"Pure floral perfection\" srcset=\"https:\/\/www.narmino.com\/wp-content\/uploads\/2019\/05\/bouquet-clair-jaune-blanc3-wpp1638294352699-550x550.jpg 550w, https:\/\/www.narmino.com\/wp-content\/uploads\/2019\/05\/bouquet-clair-jaune-blanc3-wpp1638294352699-150x150.jpg 150w\" sizes=\"auto, (max-width: 550px) 100vw, 550px\" \/><\/span><\/div><\/div><\/article><\/div>[vc_separator type=&#8221;transparent&#8221; thickness=&#8221;80&#8243;][\/vc_column][\/vc_row]<\/p>\n<\/div>","protected":false},"excerpt":{"rendered":"<p>[vc_row row_type=&#8221;row&#8221; use_row_as_full_screen_section=&#8221;no&#8221; type=&#8221;full_width&#8221; text_align=&#8221;left&#8221; video=&#8221;&#8221; css_animation=&#8221;&#8221; box_shadow_on_row=&#8221;no&#8221;][vc_column][vc_column_text]C&#8217;est fort de son si\u00e8cle d&#8217;exp\u00e9rience cumul\u00e9e dans la fleur et la d\u00e9coration, p\u00e9riode durant laquelle elle a particip\u00e9 au rayonnement international de la Principaut\u00e9 de Monaco, que la Maison Narmino vous propose ses services. &nbsp; Aujourd&#8217;hui, nous&#8230;<\/p>\n","protected":false},"author":1,"featured_media":0,"parent":0,"menu_order":0,"comment_status":"closed","ping_status":"closed","template":"","meta":{"footnotes":""},"class_list":["post-3282","page","type-page","status-publish","hentry"],"aioseo_notices":[],"amp_enabled":true,"_links":{"self":[{"href":"https:\/\/www.narmino.com\/en\/wp-json\/wp\/v2\/pages\/3282","targetHints":{"allow":["GET"]}}],"collection":[{"href":"https:\/\/www.narmino.com\/en\/wp-json\/wp\/v2\/pages"}],"about":[{"href":"https:\/\/www.narmino.com\/en\/wp-json\/wp\/v2\/types\/page"}],"author":[{"embeddable":true,"href":"https:\/\/www.narmino.com\/en\/wp-json\/wp\/v2\/users\/1"}],"replies":[{"embeddable":true,"href":"https:\/\/www.narmino.com\/en\/wp-json\/wp\/v2\/comments?post=3282"}],"version-history":[{"count":6,"href":"https:\/\/www.narmino.com\/en\/wp-json\/wp\/v2\/pages\/3282\/revisions"}],"predecessor-version":[{"id":37755,"href":"https:\/\/www.narmino.com\/en\/wp-json\/wp\/v2\/pages\/3282\/revisions\/37755"}],"wp:attachment":[{"href":"https:\/\/www.narmino.com\/en\/wp-json\/wp\/v2\/media?parent=3282"}],"curies":[{"name":"wp","href":"https:\/\/api.w.org\/{rel}","templated":true}]}}