{"id":36670,"date":"2024-04-23T23:17:31","date_gmt":"2024-04-23T21:17:31","guid":{"rendered":"https:\/\/www.narmino.com\/nicolas-matile-narmino\/"},"modified":"2024-07-03T16:51:52","modified_gmt":"2024-07-03T14:51:52","slug":"nicolas-matile-narmino","status":"publish","type":"page","link":"https:\/\/www.narmino.com\/en\/nicolas-matile-narmino\/","title":{"rendered":"Nicolas Matile-Narmino"},"content":{"rendered":"<div class=\"wpb-content-wrapper\"><p>[vc_row row_type=&#8221;row&#8221; use_row_as_full_screen_section=&#8221;no&#8221; type=&#8221;full_width&#8221; text_align=&#8221;left&#8221; video=&#8221;&#8221; css_animation=&#8221;&#8221; box_shadow_on_row=&#8221;no&#8221;][vc_column][vc_separator type=&#8221;transparent&#8221; thickness=&#8221;40&#8243;][vc_column_text css=&#8221;&#8221;]<\/p>\n<h1 style=\"text-align: center;\">Nicolas Matile-Narmino<\/h1>\n<p>[\/vc_column_text][vc_separator type=&#8221;transparent&#8221; thickness=&#8221;20&#8243;][vc_column_text css=&#8221;&#8221;]<\/p>\n<h5 style=\"text-align: center;\">Tel : <a href=\"tel:+33607935600\">+33 (0)6 07 93 56 00<\/a><\/h5>\n<h5 style=\"text-align: center;\"><a href=\"mailto:nm*@*****no.com\" data-original-string=\"Mv7WTEG2qkinhSX1cPHMvA==d7313GB27JtZSFJEANh\/ZJxuA==\" title=\"This contact has been encoded by Anti-Spam by CleanTalk. Click to decode. To finish the decoding make sure that JavaScript is enabled in your browser.\"><span \n                data-original-string='YpkErf7NbT9lQ9i081Wl+w==d735BEKfTqkBtcA62N994fORA=='\n                class='apbct-email-encoder'\n                title='This contact has been encoded by Anti-Spam by CleanTalk. Click to decode. To finish the decoding make sure that JavaScript is enabled in your browser.'>nm<span class=\"apbct-blur\">*<\/span>@<span class=\"apbct-blur\">*****<\/span>no.com<\/span><\/a><br \/>\n<a href=\"mailto:ni************@************er.fr\" data-original-string=\"shTkJYwgfYz6cW4frihUQg==d733v57gYdJoUhPc1lvL5ZKZGMf5lDg6Vy5P5wmr7QD+sdMpUn8yST3lWiGKV8NX+6U\" title=\"This contact has been encoded by Anti-Spam by CleanTalk. Click to decode. To finish the decoding make sure that JavaScript is enabled in your browser.\"><span \n                data-original-string='gLyeJcDq61wfo+sDuJFzdA==d73DgoWdY46oRUbhwNlvnyGlHoBwLfNCW5AczCP1tFFyForJLpg6K+chcvX9ffhEct7'\n                class='apbct-email-encoder'\n                title='This contact has been encoded by Anti-Spam by CleanTalk. Click to decode. To finish the decoding make sure that JavaScript is enabled in your browser.'>ni<span class=\"apbct-blur\">************<\/span>@<span class=\"apbct-blur\">************<\/span>er.fr<\/span><\/a><\/h5>\n<p>[\/vc_column_text][vc_separator type=&#8221;transparent&#8221; thickness=&#8221;40&#8243;][\/vc_column][\/vc_row][vc_row row_type=&#8221;row&#8221; use_row_as_full_screen_section=&#8221;no&#8221; type=&#8221;full_width&#8221; text_align=&#8221;left&#8221; video=&#8221;&#8221; css_animation=&#8221;&#8221; box_shadow_on_row=&#8221;no&#8221;][vc_column width=&#8221;1\/3&#8243; offset=&#8221;vc_hidden-lg vc_hidden-md vc_hidden-sm&#8221;][vc_single_image image=&#8221;36518&#8243; img_size=&#8221;medium&#8221; alignment=&#8221;center&#8221; eltd_css_animation=&#8221;&#8221;][vc_separator type=&#8221;transparent&#8221; thickness=&#8221;40&#8243;][\/vc_column][vc_column width=&#8221;2\/3&#8243; offset=&#8221;vc_hidden-lg vc_hidden-md vc_hidden-sm&#8221;][vc_column_text css=&#8221;&#8221;]<\/p>\n<p style=\"text-align: center;\"><strong>Nicolas Matile-Narmino<\/strong> is a member of the office of the <a href=\"https:\/\/www.chambre-immobiliere-monaco.mc\/en\/index\" target=\"_blank\" rel=\"noopener\"><strong>Monegasque Real Estate Chamber<\/strong><\/a> (Chambre Immobili\u00e8re Mon\u00e9gasque), an assessor member at the <a href=\"https:\/\/www.ucam.mc\/calc\/\" target=\"_blank\" rel=\"noopener\"><strong>Commercial Rent Arbitration Commission<\/strong><\/a> (Commission Arbitrale des Loyers Commerciaux, CALC), assessor at the <a href=\"https:\/\/www.gouv.mc\/Gouvernement-et-Institutions\/Le-Gouvernement\/Departement-des-Affaires-Sociales-et-de-la-Sante\/Tribunal-du-Travail\" target=\"_blank\" rel=\"noopener\"><strong>Labor Court<\/strong><\/a> (Tribunal du Travail), President of the <a href=\"https:\/\/www.ucam.mc\/\" target=\"_blank\" rel=\"noopener\"><strong>Union of Merchants and Artisans of Monaco<\/strong><\/a> (Union des Commer\u00e7ants et Artisans de Monaco, UCAM) from 2012 to 2021, member of the <a href=\"https:\/\/www.gouv.mc\/Action-Gouvernementale\/Un-Etat-moderne\/Publications\/Rapports-d-activites-du-Conseil-Strategique-pour-l-Attractivite-CSA\" target=\"_blank\" rel=\"noopener\"><strong>Strategic Council for Attractiveness<\/strong><\/a> (Conseil Strat\u00e9gique pour l\u2019Attractivit\u00e9, CSA) from 2015 to 2023.<\/p>\n<p>[\/vc_column_text][\/vc_column][\/vc_row][vc_row row_type=&#8221;row&#8221; use_row_as_full_screen_section=&#8221;no&#8221; type=&#8221;full_width&#8221; text_align=&#8221;left&#8221; video=&#8221;&#8221; css_animation=&#8221;&#8221; box_shadow_on_row=&#8221;no&#8221;][vc_column width=&#8221;1\/4&#8243; offset=&#8221;vc_hidden-xs&#8221;][\/vc_column][vc_column width=&#8221;1\/2&#8243; offset=&#8221;vc_hidden-xs&#8221;][vc_column_text css=&#8221;&#8221;]<img loading=\"lazy\" decoding=\"async\" class=\"wp-image-36517 alignleft\" src=\"https:\/\/www.narmino.com\/wp-content\/uploads\/2024\/04\/nicolas-matile-narmino-234x300.jpg\" alt=\"Nicolas Matile-Narmino\" width=\"164\" height=\"210\" srcset=\"https:\/\/www.narmino.com\/wp-content\/uploads\/2024\/04\/nicolas-matile-narmino-234x300.jpg 234w, https:\/\/www.narmino.com\/wp-content\/uploads\/2024\/04\/nicolas-matile-narmino.jpg 600w\" sizes=\"auto, (max-width: 164px) 100vw, 164px\" \/><\/p>\n<p style=\"text-align: center;\"><strong>Nicolas Matile-Narmino<\/strong> is a member of the office of the <a href=\"https:\/\/www.chambre-immobiliere-monaco.mc\/en\/index\" target=\"_blank\" rel=\"noopener\"><strong>Monegasque Real Estate Chamber<\/strong><\/a> (Chambre Immobili\u00e8re Mon\u00e9gasque), an assessor member at the <a href=\"https:\/\/www.ucam.mc\/calc\/\" target=\"_blank\" rel=\"noopener\"><strong>Commercial Rent Arbitration Commission<\/strong><\/a> (Commission Arbitrale des Loyers Commerciaux, CALC), assessor at the <a href=\"https:\/\/www.gouv.mc\/Gouvernement-et-Institutions\/Le-Gouvernement\/Departement-des-Affaires-Sociales-et-de-la-Sante\/Tribunal-du-Travail\" target=\"_blank\" rel=\"noopener\"><strong>Labor Court<\/strong><\/a> (Tribunal du Travail), President of the <a href=\"https:\/\/www.ucam.mc\/\" target=\"_blank\" rel=\"noopener\"><strong>Union of Merchants and Artisans of Monaco<\/strong><\/a> (Union des Commer\u00e7ants et Artisans de Monaco, UCAM) from 2012 to 2021, member of the <a href=\"https:\/\/www.gouv.mc\/Action-Gouvernementale\/Un-Etat-moderne\/Publications\/Rapports-d-activites-du-Conseil-Strategique-pour-l-Attractivite-CSA\" target=\"_blank\" rel=\"noopener\"><strong>Strategic Council for Attractiveness<\/strong><\/a> (Conseil Strat\u00e9gique pour l\u2019Attractivit\u00e9, CSA) from 2015 to 2023.<\/p>\n<p>[\/vc_column_text][\/vc_column][vc_column width=&#8221;1\/4&#8243; offset=&#8221;vc_hidden-xs&#8221;][\/vc_column][\/vc_row][vc_row row_type=&#8221;row&#8221; use_row_as_full_screen_section=&#8221;no&#8221; type=&#8221;full_width&#8221; text_align=&#8221;left&#8221; video=&#8221;&#8221; css_animation=&#8221;&#8221; box_shadow_on_row=&#8221;no&#8221;][vc_column][vc_separator type=&#8221;transparent&#8221; thickness=&#8221;80&#8243;][vc_column_text]<\/p>\n<h3 style=\"text-align: center;\">The Narmino universe<\/h3>\n<p>[\/vc_column_text][vc_separator type=&#8221;transparent&#8221; thickness=&#8221;40&#8243;][vc_column_text]<\/p>\n<p style=\"text-align: center;\">The various brands of the Narmino group are grouped below:<\/p>\n<p>[\/vc_column_text][vc_separator type=&#8221;transparent&#8221; thickness=&#8221;40&#8243;][\/vc_column][\/vc_row][vc_row row_type=&#8221;row&#8221; use_row_as_full_screen_section=&#8221;no&#8221; type=&#8221;full_width&#8221; text_align=&#8221;left&#8221; video=&#8221;&#8221; css_animation=&#8221;&#8221; box_shadow_on_row=&#8221;no&#8221;][vc_column][vc_single_image image=&#8221;36542&#8243; img_size=&#8221;medium&#8221; alignment=&#8221;center&#8221; eltd_css_animation=&#8221;&#8221;][vc_column_text]<\/p>\n<p style=\"text-align: center;\">Maison Narmino, florist and decorator in the Principality of Monaco since 1927, creates the most beautiful floral arrangements, the most beautiful bouquets, for your interior or for your event. We also deliver yachts, from Genoa to St-Tropez.<\/p>\n<p>[\/vc_column_text][vc_separator type=&#8221;transparent&#8221; thickness=&#8221;20&#8243;][vc_btn title=&#8221;Visit the Narmino florist &amp; decorator&#8221; color=&#8221;info&#8221; align=&#8221;center&#8221; link=&#8221;url:https%3A%2F%2Fwww.narmino.com%2Fen%2F|&#8221;][vc_separator type=&#8221;transparent&#8221; thickness=&#8221;80&#8243;][vc_single_image image=&#8221;36544&#8243; img_size=&#8221;medium&#8221; alignment=&#8221;center&#8221; eltd_css_animation=&#8221;&#8221;][vc_column_text]<\/p>\n<p style=\"text-align: center;\">Click&#8217;N Flowers, the online sales site for flowers and bouquets in the Principality of Monaco and surrounding communities. The quality reference for your international flower shipments.<\/p>\n<p>[\/vc_column_text][vc_separator type=&#8221;transparent&#8221; thickness=&#8221;20&#8243;][vc_btn title=&#8221;Visit the Click&#8217;N Flowers website&#8221; color=&#8221;info&#8221; align=&#8221;center&#8221; link=&#8221;url:https%3A%2F%2Fwww.clicknflowers.com%2Fen%2F|target:_blank|&#8221;][vc_separator type=&#8221;transparent&#8221; thickness=&#8221;80&#8243;][vc_single_image image=&#8221;36538&#8243; img_size=&#8221;medium&#8221; alignment=&#8221;center&#8221; eltd_css_animation=&#8221;&#8221;][vc_column_text]<\/p>\n<p style=\"text-align: center;\">Narmino Jardins, creation, development and maintenance of gardens, lawns, green roofs, green walls, tree planting, etc&#8230; in Monaco and the C\u00f4te d&#8217;Azur.<\/p>\n<p>[\/vc_column_text][vc_separator type=&#8221;transparent&#8221; thickness=&#8221;20&#8243;][vc_btn title=&#8221;Visit the Narmino Jardins website&#8221; color=&#8221;info&#8221; align=&#8221;center&#8221; link=&#8221;url:https%3A%2F%2Fwww.narminojardins.com%2Fen%2F|target:_blank|&#8221;][vc_separator type=&#8221;transparent&#8221; thickness=&#8221;80&#8243;][vc_single_image image=&#8221;36536&#8243; img_size=&#8221;medium&#8221; alignment=&#8221;center&#8221; eltd_css_animation=&#8221;&#8221;][vc_column_text]<\/p>\n<p style=\"text-align: center;\">Jardins Concept Monaco, your landscape architect for all your garden and green space design work in the Principality of Monaco and on the C\u00f4te d&#8217;Azur.<\/p>\n<p>[\/vc_column_text][vc_separator type=&#8221;transparent&#8221; thickness=&#8221;20&#8243;][vc_btn title=&#8221;Visit the Jardins Concept website&#8221; color=&#8221;info&#8221; align=&#8221;center&#8221; link=&#8221;url:https%3A%2F%2Fwww.jardinsconceptmonaco.com%2Fen%2F|target:_blank|&#8221;][vc_separator type=&#8221;transparent&#8221; thickness=&#8221;80&#8243;][vc_single_image image=&#8221;36534&#8243; img_size=&#8221;medium&#8221; alignment=&#8221;center&#8221; eltd_css_animation=&#8221;&#8221;][vc_column_text]<\/p>\n<p style=\"text-align: center;\">Green Plus, rental and sales of plants and shrubs to decorate your one-off events or your offices. Interior decoration, improvement of the professional environment through plants. On Monaco and the C\u00f4te d&#8217;Azur.<\/p>\n<p>[\/vc_column_text][vc_separator type=&#8221;transparent&#8221; thickness=&#8221;20&#8243;][vc_btn title=&#8221;Visit the Green Plus website&#8221; color=&#8221;info&#8221; align=&#8221;center&#8221; link=&#8221;url:https%3A%2F%2Fgreenplusmonaco.com%2Fen%2F|target:_blank|&#8221;][vc_separator type=&#8221;transparent&#8221; thickness=&#8221;80&#8243;][vc_single_image image=&#8221;36532&#8243; img_size=&#8221;medium&#8221; alignment=&#8221;center&#8221; eltd_css_animation=&#8221;&#8221;][vc_column_text]<\/p>\n<p style=\"text-align: center;\">Coldwell Banker Etic Realty, formerly Etic Immobilier, a real estate agency managed since 1982 by the Matile family, offers you an exclusive selection of real estate of all kinds in the Principality of Monaco. We also collaborate with other members of the Coldwell Banker network to offer you properties in major world capitals, as well as in the towns bordering Monaco.<\/p>\n<p>[\/vc_column_text][vc_separator type=&#8221;transparent&#8221; thickness=&#8221;20&#8243;][vc_btn title=&#8221;Visit the Coldwell Banker Etic Realty website&#8221; color=&#8221;info&#8221; align=&#8221;center&#8221; link=&#8221;url:https%3A%2F%2Fwww.eticimmobilier.com%2Fen%2F|target:_blank|&#8221;][vc_separator type=&#8221;transparent&#8221; thickness=&#8221;80&#8243;][vc_single_image image=&#8221;36550&#8243; img_size=&#8221;medium&#8221; alignment=&#8221;center&#8221; eltd_css_animation=&#8221;&#8221;][vc_column_text]<\/p>\n<p style=\"text-align: center;\">Home Concept Monaco, marchand de biens, cr\u00e9ation et r\u00e9novation de l&#8217;habitat en France et \u00e0 Monaco.<\/p>\n<p>[\/vc_column_text][vc_separator type=&#8221;transparent&#8221; thickness=&#8221;20&#8243;][vc_btn title=&#8221;Visit the Home Concept website&#8221; color=&#8221;info&#8221; align=&#8221;center&#8221; link=&#8221;url:https%3A%2F%2Fwww.homeconceptmonaco.com%2Fen%2F|target:_blank|&#8221;][vc_separator type=&#8221;transparent&#8221; thickness=&#8221;80&#8243;][\/vc_column][\/vc_row][vc_row row_type=&#8221;row&#8221; use_row_as_full_screen_section=&#8221;no&#8221; type=&#8221;full_width&#8221; text_align=&#8221;left&#8221; video=&#8221;&#8221; css_animation=&#8221;&#8221; box_shadow_on_row=&#8221;no&#8221;][vc_column][vc_column_text]<\/p>\n<h3 style=\"text-align: center;\">Contacts<\/h3>\n<p>[\/vc_column_text][vc_separator type=&#8221;transparent&#8221; thickness=&#8221;40&#8243;][\/vc_column][\/vc_row][vc_row row_type=&#8221;row&#8221; use_row_as_full_screen_section=&#8221;no&#8221; type=&#8221;full_width&#8221; text_align=&#8221;left&#8221; video=&#8221;&#8221; css_animation=&#8221;&#8221; box_shadow_on_row=&#8221;no&#8221;][vc_column][vc_column_text]<\/p>\n<p style=\"text-align: center;\">Phone:<\/p>\n<p style=\"text-align: center;\"><strong>06 07 93 56 00<\/strong><\/p>\n<p>[\/vc_column_text][vc_separator type=&#8221;transparent&#8221; thickness=&#8221;20&#8243;][vc_column_text]<\/p>\n<p style=\"text-align: center;\">Email :<\/p>\n<p style=\"text-align: center;\"><strong><a href=\"mailto:nm*@*****no.com\" data-original-string=\"X6Z+2bw2GhGojs0ej95WKw==d73DxNW2PPa2yfS9Rd8ijwhFQ==\" title=\"This contact has been encoded by Anti-Spam by CleanTalk. Click to decode. To finish the decoding make sure that JavaScript is enabled in your browser.\"><span \n                data-original-string='TUQ0yHBywU2r3Arj2Gin8Q==d73YIdIB40rsiQu+clMuNUSKQ=='\n                class='apbct-email-encoder'\n                title='This contact has been encoded by Anti-Spam by CleanTalk. Click to decode. To finish the decoding make sure that JavaScript is enabled in your browser.'>nm<span class=\"apbct-blur\">*<\/span>@<span class=\"apbct-blur\">*****<\/span>no.com<\/span><\/a><\/strong>.<\/p>\n<p>[\/vc_column_text][vc_separator type=&#8221;transparent&#8221; thickness=&#8221;40&#8243;][\/vc_column][\/vc_row][vc_row row_type=&#8221;row&#8221; use_row_as_full_screen_section=&#8221;no&#8221; type=&#8221;full_width&#8221; text_align=&#8221;left&#8221; video=&#8221;&#8221; css_animation=&#8221;&#8221; box_shadow_on_row=&#8221;no&#8221;][vc_column][vc_separator type=&#8221;transparent&#8221; thickness=&#8221;20&#8243;][vc_column_text]https:\/\/youtu.be\/FDtD6O0ccmA[\/vc_column_text][vc_separator type=&#8221;transparent&#8221; thickness=&#8221;40&#8243;][\/vc_column][\/vc_row][vc_row row_type=&#8221;row&#8221; use_row_as_full_screen_section=&#8221;no&#8221; type=&#8221;full_width&#8221; text_align=&#8221;left&#8221; video=&#8221;&#8221; css_animation=&#8221;&#8221; box_shadow_on_row=&#8221;no&#8221;][vc_column][vc_separator type=&#8221;transparent&#8221; thickness=&#8221;40&#8243;][\/vc_column][\/vc_row]<\/p>\n<\/div>","protected":false},"excerpt":{"rendered":"<p>[vc_row row_type=&#8221;row&#8221; use_row_as_full_screen_section=&#8221;no&#8221; type=&#8221;full_width&#8221; text_align=&#8221;left&#8221; video=&#8221;&#8221; css_animation=&#8221;&#8221; box_shadow_on_row=&#8221;no&#8221;][vc_column][vc_separator type=&#8221;transparent&#8221; thickness=&#8221;40&#8243;][vc_column_text css=&#8221;&#8221;] Nicolas Matile-Narmino [\/vc_column_text][vc_separator type=&#8221;transparent&#8221; thickness=&#8221;20&#8243;][vc_column_text css=&#8221;&#8221;] Tel : +33 (0)6 07 93 56 00 nm*@*****no.com ni************@************er.fr [\/vc_column_text][vc_separator type=&#8221;transparent&#8221; thickness=&#8221;40&#8243;][\/vc_column][\/vc_row][vc_row row_type=&#8221;row&#8221; use_row_as_full_screen_section=&#8221;no&#8221; type=&#8221;full_width&#8221; text_align=&#8221;left&#8221; video=&#8221;&#8221; css_animation=&#8221;&#8221; box_shadow_on_row=&#8221;no&#8221;][vc_column width=&#8221;1\/3&#8243; offset=&#8221;vc_hidden-lg vc_hidden-md vc_hidden-sm&#8221;][vc_single_image image=&#8221;36518&#8243; img_size=&#8221;medium&#8221; alignment=&#8221;center&#8221; eltd_css_animation=&#8221;&#8221;][vc_separator&#8230;<\/p>\n","protected":false},"author":1,"featured_media":0,"parent":0,"menu_order":0,"comment_status":"closed","ping_status":"closed","template":"","meta":{"footnotes":""},"class_list":["post-36670","page","type-page","status-publish","hentry"],"aioseo_notices":[],"amp_enabled":true,"_links":{"self":[{"href":"https:\/\/www.narmino.com\/en\/wp-json\/wp\/v2\/pages\/36670","targetHints":{"allow":["GET"]}}],"collection":[{"href":"https:\/\/www.narmino.com\/en\/wp-json\/wp\/v2\/pages"}],"about":[{"href":"https:\/\/www.narmino.com\/en\/wp-json\/wp\/v2\/types\/page"}],"author":[{"embeddable":true,"href":"https:\/\/www.narmino.com\/en\/wp-json\/wp\/v2\/users\/1"}],"replies":[{"embeddable":true,"href":"https:\/\/www.narmino.com\/en\/wp-json\/wp\/v2\/comments?post=36670"}],"version-history":[{"count":11,"href":"https:\/\/www.narmino.com\/en\/wp-json\/wp\/v2\/pages\/36670\/revisions"}],"predecessor-version":[{"id":37764,"href":"https:\/\/www.narmino.com\/en\/wp-json\/wp\/v2\/pages\/36670\/revisions\/37764"}],"wp:attachment":[{"href":"https:\/\/www.narmino.com\/en\/wp-json\/wp\/v2\/media?parent=36670"}],"curies":[{"name":"wp","href":"https:\/\/api.w.org\/{rel}","templated":true}]}}